{"id":10037,"date":"2025-06-18T14:12:45","date_gmt":"2025-06-18T14:12:45","guid":{"rendered":"https:\/\/www.sonnenterrasse-fiss.at\/tilgaengelighed\/"},"modified":"2026-03-04T13:39:16","modified_gmt":"2026-03-04T13:39:16","slug":"tilgaengelighed","status":"publish","type":"page","link":"https:\/\/www.sonnenterrasse-fiss.at\/da\/tilgaengelighed\/","title":{"rendered":"Tilg\u00e6ngelighed"},"content":{"rendered":"<p><div class=\"fusion-bg-parallax\" data-bg-align=\"center center\" data-direction=\"down\" data-mute=\"false\" data-opacity=\"100\" data-velocity=\"-0.3\" data-mobile-enabled=\"false\" data-break_parents=\"0\" data-bg-image=\"https:\/\/www.sonnenterrasse-fiss.at\/wp-content\/uploads\/2024\/08\/2024_08_NeuesHausbild6-1.jpg\" data-bg-repeat=\"false\" data-bg-color=\"rgba(255,255,255,0.85)\" data-bg-gradient-type=\"linear\" data-bg-gradient-angle=\"180\" data-bg-gradient-start-color=\"rgba(84,77,72,0.87)\" data-bg-gradient-start-position=\"0\" data-bg-gradient-end-color=\"rgba(0,0,0,0.1)\" data-bg-gradient-end-position=\"100\" data-bg-radial-direction=\"center center\" ><\/div><div class=\"fusion-fullwidth fullwidth-box fusion-builder-row-1 fusion-flex-container has-pattern-background has-mask-background fusion-parallax-down hundred-percent-fullwidth non-hundred-percent-height-scrolling lazyload\" style=\"--awb-border-radius-top-left:0px;--awb-border-radius-top-right:0px;--awb-border-radius-bottom-right:0px;--awb-border-radius-bottom-left:0px;--awb-padding-top:8%;--awb-padding-bottom:4%;--awb-margin-top:0px;--awb-margin-bottom:0px;--awb-margin-top-medium:-60px;--awb-margin-bottom-medium:0px;--awb-margin-top-small:-60px;--awb-margin-bottom-small:0px;--awb-min-height:750px;--awb-background-color:rgba(255,255,255,0.85);--awb-background-image:linear-gradient(180deg, rgba(84,77,72,0.87) 0%,rgba(0,0,0,0.1) 100%);;--awb-background-size:cover;--awb-flex-wrap:wrap;\" data-bg=\"https:\/\/www.sonnenterrasse-fiss.at\/wp-content\/uploads\/2024\/08\/2024_08_NeuesHausbild6-1.jpg\" data-bg-gradient=\"linear-gradient(180deg, rgba(84,77,72,0.87) 0%,rgba(0,0,0,0.1) 100%)\" ><div class=\"fusion-builder-row fusion-row fusion-flex-align-items-center fusion-flex-content-wrap\" style=\"width:calc( 100% + 0px ) !important;max-width:calc( 100% + 0px ) !important;margin-left: calc(-0px \/ 2 );margin-right: calc(-0px \/ 2 );\"><div class=\"fusion-layout-column fusion_builder_column fusion-builder-column-0 fusion_builder_column_3_5 3_5 fusion-flex-column\" style=\"--awb-padding-top:10%;--awb-padding-right:15%;--awb-padding-bottom:8%;--awb-padding-left:15%;--awb-bg-color:rgba(156,144,137,0);--awb-bg-color-hover:rgba(156,144,137,0);--awb-bg-size:cover;--awb-width-large:60%;--awb-margin-top-large:0px;--awb-spacing-right-large:0px;--awb-margin-bottom-large:10%;--awb-spacing-left-large:0px;--awb-width-medium:100%;--awb-order-medium:0;--awb-spacing-right-medium:0px;--awb-spacing-left-medium:0px;--awb-width-small:100%;--awb-order-small:0;--awb-spacing-right-small:0px;--awb-spacing-left-small:0px;\"><div class=\"fusion-column-wrapper fusion-column-has-shadow fusion-flex-justify-content-flex-start fusion-content-layout-column\"><\/div><\/div><div class=\"fusion-layout-column fusion_builder_column fusion-builder-column-1 fusion_builder_column_2_5 2_5 fusion-flex-column\" style=\"--awb-padding-top:10%;--awb-padding-right:15%;--awb-padding-bottom:8%;--awb-padding-left:15%;--awb-bg-color:rgba(186,172,162,0);--awb-bg-color-hover:rgba(186,172,162,0);--awb-bg-size:cover;--awb-width-large:40%;--awb-margin-top-large:6%;--awb-spacing-right-large:0px;--awb-margin-bottom-large:6%;--awb-spacing-left-large:0px;--awb-width-medium:100%;--awb-order-medium:0;--awb-spacing-right-medium:0px;--awb-spacing-left-medium:0px;--awb-width-small:100%;--awb-order-small:0;--awb-spacing-right-small:0px;--awb-spacing-left-small:0px;\" data-scroll-devices=\"small-visibility,medium-visibility,large-visibility\"><div class=\"fusion-column-wrapper fusion-column-has-shadow fusion-flex-justify-content-flex-start fusion-content-layout-column\"><div class=\"fusion-builder-row fusion-builder-row-inner fusion-row fusion-flex-align-items-center fusion-flex-content-wrap\" style=\"--awb-flex-grow:0;--awb-flex-grow-medium:0;--awb-flex-grow-small:0;--awb-flex-shrink:0;--awb-flex-shrink-medium:0;--awb-flex-shrink-small:0;width:calc( 100% + 0px ) !important;max-width:calc( 100% + 0px ) !important;margin-left: calc(-0px \/ 2 );margin-right: calc(-0px \/ 2 );\"><div class=\"fusion-layout-column fusion_builder_column_inner fusion-builder-nested-column-0 fusion_builder_column_inner_1_1 1_1 fusion-flex-column fusion-animated\" style=\"--awb-bg-size:cover;--awb-width-large:100%;--awb-margin-top-large:0px;--awb-spacing-right-large:0px;--awb-margin-bottom-large:8%;--awb-spacing-left-large:0px;--awb-width-medium:100%;--awb-spacing-right-medium:0px;--awb-spacing-left-medium:0px;--awb-width-small:100%;--awb-spacing-right-small:0px;--awb-spacing-left-small:0px;\" data-animationType=\"fadeInLeft\" data-animationDuration=\"1.0\" data-animationOffset=\"top-into-view\"><div class=\"fusion-column-wrapper fusion-column-has-shadow fusion-flex-justify-content-flex-start fusion-content-layout-column\"><div class=\"fusion-title title fusion-title-1 fusion-no-small-visibility fusion-no-medium-visibility fusion-sep-none fusion-title-center fusion-title-text fusion-title-size-one\" style=\"--awb-text-color:#ffffff;--awb-margin-top-small:0px;--awb-margin-right-small:0px;--awb-margin-bottom-small:20px;--awb-margin-left-small:0px;--awb-font-size:85px;\"><h1 class=\"fusion-title-heading title-heading-center fusion-responsive-typography-calculated\" style=\"margin:0;font-size:1em;--fontSize:85;line-height:var(--awb-typography1-line-height);\"><p style=\"text-align: center;\">Barrierefri<\/p><\/h1><\/div><div class=\"fusion-title title fusion-title-2 fusion-no-large-visibility fusion-sep-none fusion-title-center fusion-title-rotating fusion-animate-once fusion-title-fadeIn fusion-title-size-one\" style=\"--awb-text-color:#ffffff;--awb-margin-top-small:0px;--awb-margin-right-small:0px;--awb-margin-bottom-small:20px;--awb-margin-left-small:0px;\"><h1 class=\"fusion-title-heading title-heading-center fusion-responsive-typography-calculated\" style=\"margin:0;--fontSize:46;line-height:var(--awb-typography1-line-height);\"><span class=\"fusion-animated-text-prefix\">BARRIEREFRI<\/span>  <span class=\"fusion-animated-text-postfix\"><\/span><\/h1><\/div><div class=\"fusion-title title fusion-title-3 fusion-sep-none fusion-title-text fusion-title-size-six\" style=\"--awb-text-color:#e5e5e5;--awb-margin-bottom:11%;--awb-margin-top-small:0px;--awb-margin-right-small:0px;--awb-margin-bottom-small:20px;--awb-margin-left-small:0px;--awb-sep-color:#d6d6d6;\"><h6 class=\"fusion-title-heading title-heading-left fusion-responsive-typography-calculated\" style=\"margin:0;--fontSize:18;--minFontSize:18;line-height:1.5;\"><p style=\"text-align: center;\">Surf p\u00e5 hjemmesiden for lejlighedshuset i Fiss<\/p><\/h6><\/div><div class=\"fusion-separator fusion-full-width-sep\" style=\"align-self: center;margin-left: auto;margin-right: auto;margin-bottom:0%;width:100%;\"><\/div><\/div><\/div><\/div><\/div><\/div><\/div><\/div><div class=\"fusion-fullwidth fullwidth-box fusion-builder-row-2 fusion-flex-container has-pattern-background has-mask-background nonhundred-percent-fullwidth non-hundred-percent-height-scrolling\" style=\"--link_hover_color: #5f6ad3;--link_color: #5f6ad3;--awb-border-sizes-top:0px;--awb-border-sizes-bottom:0px;--awb-border-sizes-left:0px;--awb-border-sizes-right:0px;--awb-border-radius-top-left:0px;--awb-border-radius-top-right:0px;--awb-border-radius-bottom-right:0px;--awb-border-radius-bottom-left:0px;--awb-padding-top:100px;--awb-padding-right:30px;--awb-padding-bottom:100px;--awb-padding-left:30px;--awb-padding-top-small:45px;--awb-padding-bottom-small:45px;--awb-margin-top:0px;--awb-margin-bottom:0px;--awb-background-color:#dcd6d0;--awb-background-image:linear-gradient(180deg, #ffffff 0%,#dcd6d0 100%);--awb-flex-wrap:wrap;\" ><div class=\"fusion-builder-row fusion-row fusion-flex-align-items-flex-start fusion-flex-justify-content-center fusion-flex-content-wrap\" style=\"max-width:calc( 1375px + 60px );margin-left: calc(-60px \/ 2 );margin-right: calc(-60px \/ 2 );\"><div class=\"fusion-layout-column fusion_builder_column fusion-builder-column-2 fusion_builder_column_1_1 1_1 fusion-flex-column fusion-no-large-visibility\" style=\"--awb-bg-size:cover;--awb-width-large:100%;--awb-margin-top-large:0px;--awb-spacing-right-large:30px;--awb-margin-bottom-large:0px;--awb-spacing-left-large:30px;--awb-width-medium:100%;--awb-spacing-right-medium:30px;--awb-spacing-left-medium:30px;--awb-width-small:100%;--awb-spacing-right-small:30px;--awb-spacing-left-small:30px;\"><div class=\"fusion-column-wrapper fusion-column-has-shadow fusion-flex-justify-content-flex-start fusion-content-layout-column\"><div class=\"fusion-separator fusion-full-width-sep\" style=\"align-self: center;margin-left: auto;margin-right: auto;margin-bottom:5%;width:100%;\"><\/div><\/div><\/div><div class=\"fusion-layout-column fusion_builder_column fusion-builder-column-3 fusion_builder_column_3_4 3_4 fusion-flex-column fusion-animated\" style=\"--awb-bg-size:cover;--awb-width-large:75%;--awb-margin-top-large:0px;--awb-spacing-right-large:30px;--awb-margin-bottom-large:60px;--awb-spacing-left-large:30px;--awb-width-medium:75%;--awb-order-medium:0;--awb-spacing-right-medium:30px;--awb-spacing-left-medium:30px;--awb-width-small:100%;--awb-order-small:1;--awb-spacing-right-small:30px;--awb-spacing-left-small:30px;\" data-animationType=\"fadeInDown\" data-animationDuration=\"1.3\" data-animationOffset=\"top-into-view\"><div class=\"fusion-column-wrapper fusion-column-has-shadow fusion-flex-justify-content-flex-start fusion-content-layout-column\"><div class=\"fusion-title title fusion-title-4 fusion-sep-none fusion-title-text fusion-title-size-two\" style=\"--awb-margin-top:30px;--awb-margin-bottom:30px;--awb-margin-top-small:0px;--awb-margin-right-small:0px;--awb-margin-bottom-small:20px;--awb-margin-left-small:0px;--awb-font-size:70px;\"><h2 class=\"fusion-title-heading title-heading-left fusion-responsive-typography-calculated\" style=\"margin:0;font-size:1em;--fontSize:70;line-height:1.2;\"><p style=\"text-align: center;\">Erkl\u00e6ring om tilg\u00e6ngelighed<\/p><\/h2><\/div><div class=\"fusion-text fusion-text-1\"><h3 style=\"text-align: center;\">Alle oplysninger p\u00e5 et \u00f8jeblik<\/h3>\n<\/div><div class=\"fusion-image-element \" style=\"text-align:center;--awb-margin-top:20px;--awb-margin-bottom:30px;--awb-caption-title-font-family:var(--h2_typography-font-family);--awb-caption-title-font-weight:var(--h2_typography-font-weight);--awb-caption-title-font-style:var(--h2_typography-font-style);--awb-caption-title-size:var(--h2_typography-font-size);--awb-caption-title-transform:var(--h2_typography-text-transform);--awb-caption-title-line-height:var(--h2_typography-line-height);--awb-caption-title-letter-spacing:var(--h2_typography-letter-spacing);\"><span class=\" fusion-imageframe imageframe-none imageframe-1 hover-type-none\"><img decoding=\"async\" width=\"336\" height=\"50\" alt=\"Spacer: Sunspacer fra Appartement Haus i Serfaus Fiss Ladis, din ferielejlighed p\u00e5 en familieferie i Tyrol.\" title=\"Afstandsstykke til skabelon\" src=\"https:\/\/www.sonnenterrasse-fiss.at\/wp-content\/uploads\/2023\/12\/Vorlage-Spacer.png\" data-orig-src=\"https:\/\/www.sonnenterrasse-fiss.at\/wp-content\/uploads\/2023\/12\/Vorlage-Spacer.png\" class=\"lazyload img-responsive wp-image-9719\" srcset=\"data:image\/svg+xml,%3Csvg%20xmlns%3D%27http%3A%2F%2Fwww.w3.org%2F2000%2Fsvg%27%20width%3D%27336%27%20height%3D%2750%27%20viewBox%3D%270%200%20336%2050%27%3E%3Crect%20width%3D%27336%27%20height%3D%2750%27%20fill-opacity%3D%220%22%2F%3E%3C%2Fsvg%3E\" data-srcset=\"https:\/\/www.sonnenterrasse-fiss.at\/wp-content\/uploads\/2023\/12\/Vorlage-Spacer-200x30.png 200w, https:\/\/www.sonnenterrasse-fiss.at\/wp-content\/uploads\/2023\/12\/Vorlage-Spacer.png 336w\" data-sizes=\"auto\" data-orig-sizes=\"(max-width: 1150px) 100vw, (max-width: 640px) 100vw, 336px\" \/><\/span><\/div><div class=\"fusion-text fusion-text-2\"><p><strong>Status: 18\/06\/2025<\/strong><\/p>\n<p>Hos Haus Sonnenterrasse l\u00e6gger vi stor v\u00e6gt p\u00e5 at g\u00f8re vores hjemmeside barrierefri og tilg\u00e6ngelig i overensstemmelse med de g\u00e6ldende lovkrav. Denne tilg\u00e6ngelighedserkl\u00e6ring g\u00e6lder for hjemmesiden www.sonnenterrasse-fiss.at &#8211; Ejer: Familie Kathrein. <\/p>\n<p>Vores foranstaltninger er baseret p\u00e5 den \u00f8strigske tilg\u00e6ngelighedslov BaFG (Bundesgesetzblatt I nr. 76\/2023 af 19. juli 2023) og EU-direktivet &#8220;Direktiv (EU) 2019\/882 om tilg\u00e6ngelighedskrav til produkter og tjenester\", som tr\u00e6der i kraft den 28. juni 2025.<\/p>\n<h2 class=\"fusion-responsive-typography-calculated\" style=\"--fontsize: 36; line-height: 1.2;\" data-fontsize=\"36\" data-lineheight=\"43.2px\">Status for kompatibilitet med kravene<\/h2>\n<p>Tilg\u00e6ngelighedskravene f\u00f8lger af de ovenn\u00e6vnte juridiske principper. Overensstemmelsen blev vurderet som en del af en intern gennemgang den 18. juni 2025.<br \/>\nDet blev konstateret, at indholdet og funktionerne p\u00e5 vores websted i vid udstr\u00e6kning overholder de juridiske krav. <\/p>\n<h2 class=\"fusion-responsive-typography-calculated\" style=\"--fontsize: 36; line-height: 1.2;\" data-fontsize=\"36\" data-lineheight=\"43.2px\">Ikke-tilg\u00e6ngeligt indhold:<\/h2>\n<p>P\u00e5 nogle omr\u00e5der kunne tilg\u00e6ngelighed ikke implementeres fuldt ud &#8211; for eksempel med farvekontraster. Vi har dog s\u00f8rget for alternative funktioner for at forbedre brugervenligheden, f.eks. via en kontrastomskifter. <\/p>\n<p>F\u00f8lgende punkter er implementeret for at g\u00f8re vores hjemmeside barrierefri for dig:<\/p>\n<h3 class=\"fusion-responsive-typography-calculated\" style=\"--fontsize: 32; line-height: 1.2;\" data-fontsize=\"32\" data-lineheight=\"38.4px\">Knapper og links:<\/h3>\n<p>Vores knapper til navigation og information er designet i de foreskrevne st\u00f8rrelser. Vi er ogs\u00e5 i gang med at forsyne knapperne med alternativ information, s\u00e5 de kan genkendes af sk\u00e6rml\u00e6sere.<br \/>\nDe kan ogs\u00e5 betjenes via tastaturet (ved hj\u00e6lp af tabulatortasten).<br \/>\nDet er dog ikke teknisk muligt at tildele separate linktitler til indlejrede tekstlinks i l\u00f8bende tekst. <\/p>\n<h3 class=\"fusion-responsive-typography-calculated\" style=\"--fontsize: 32; line-height: 1.2;\" data-fontsize=\"32\" data-lineheight=\"38.4px\">Farvekontraster:<\/h3>\n<p>Hjemmesidens farveskema overholder ikke i alle henseender de lovbestemte kontrastkrav. For at kunne vise tekster tydeligt finder du dog et lysegr\u00e5t firkantet ikon med en delt cirkel i venstre side. Klik p\u00e5 det for at f\u00e5 vist teksten i h\u00f8j kontrast.  <\/p>\n<h3 class=\"fusion-responsive-typography-calculated\" style=\"--fontsize: 32; line-height: 1.2;\" data-fontsize=\"32\" data-lineheight=\"38.4px\">Skriftst\u00f8rrelser:<\/h3>\n<p>Hvis teksterne er for sm\u00e5 p\u00e5 din sk\u00e6rm, kan du forst\u00f8rre dem ved hj\u00e6lp af &#8220;TT\"-symbolet i venstre side. S\u00e5 vises teksterne og overskrifterne st\u00f8rre. <\/p>\n<h3 class=\"fusion-responsive-typography-calculated\" style=\"--fontsize: 32; line-height: 1.2;\" data-fontsize=\"32\" data-lineheight=\"38.4px\">Overskriftsstruktur:<\/h3>\n<p>Nogle overskrifter identificeres ikke korrekt af kontrolsoftware. Det skyldes hjemmesidens struktur. Strukturen ved hj\u00e6lp af Hx-hierarkiet er dog blevet implementeret korrekt og fortolkes ogs\u00e5 korrekt af sk\u00e6rml\u00e6sere.  <\/p>\n<h2 class=\"fusion-responsive-typography-calculated\" style=\"--fontsize: 36; line-height: 1.2;\" data-fontsize=\"36\" data-lineheight=\"43.2px\">Dette indhold falder ikke inden for rammerne af den g\u00e6ldende lovgivning<\/h2>\n<p>Noget af indholdet p\u00e5 vores hjemmeside stammer fra eksterne udbydere. Vi p\u00e5tager os intet ansvar for disse tredjepartsudbydere med hensyn til tilg\u00e6ngelighed i henhold til tilg\u00e6ngelighedsloven eller EU-direktivet. Dette tredjepartsindhold er derfor udelukket fra kravene i tilg\u00e6ngelighedsloven.  <\/p>\n<p>Der er ogs\u00e5 \u00e6ldre filer og indhold p\u00e5 dette websted, som blev lagt online f\u00f8r den 28. juni 2025. Disse er ikke underlagt tilg\u00e6ngelighedsforpligtelsen og er i \u00f8jeblikket ikke planlagt til revision. <\/p>\n<h2 class=\"fusion-responsive-typography-calculated\" style=\"--fontsize: 36; line-height: 1.2;\" data-fontsize=\"36\" data-lineheight=\"43.2px\">Kontaktmuligheder og feedback<\/h2>\n<p>Hvis du st\u00f8der p\u00e5 problemer eller barrierer, n\u00e5r du bruger vores hjemmeside, bedes du kontakte os p\u00e5 info@sonnenterrasse-fiss.at.<br \/>\nBeskriv barrieren s\u00e5 pr\u00e6cist som muligt, og n\u00e6vn den p\u00e5g\u00e6ldende URL eller det p\u00e5g\u00e6ldende menupunkt.<\/p>\n<p>Vi arbejder hele tiden p\u00e5 at forbedre vores hjemmeside og p\u00e5 at l\u00f8se eventuelle problemer hurtigt.<\/p>\n<p><strong>Kontaktoplysninger:<\/strong><br \/>\nFamilie Kathrein<br \/>\nHaus Sonnenterrasse<br \/>\nObere Dorfstra\u00dfe 5<br \/>\nA-6533 Fiss<br \/>\nTel: 0043 5476 6434<br \/>\nE-Mail: info@sonnenterrasse-fiss.at<\/p>\n<h2 class=\"fusion-responsive-typography-calculated\" style=\"--fontsize: 36; line-height: 1.2;\" data-fontsize=\"36\" data-lineheight=\"43.2px\">H\u00e5ndh\u00e6velsesprocedurer<\/h2>\n<p>Vores hjemmeside er udviklet efter vores bedste overbevisning og viden i overensstemmelse med de juridiske krav. Hvis du alligevel f\u00f8ler dig forulempet af et bestemt indhold, bedes du kontakte FFG Enforcement Centre. <\/p>\n<\/div><\/div><\/div><\/div><\/div><\/p>\n","protected":false},"excerpt":{"rendered":"","protected":false},"author":7,"featured_media":0,"parent":0,"menu_order":0,"comment_status":"closed","ping_status":"closed","template":"100-width.php","meta":{"footnotes":""},"class_list":["post-10037","page","type-page","status-publish","hentry"],"yoast_head":"<!-- This site is optimized with the Yoast SEO plugin v27.4 - https:\/\/yoast.com\/product\/yoast-seo-wordpress\/ -->\n<title>Barrierefri i ferielejligheden Fiss . Lejlighed Serfaus Fiss<\/title>\n<meta name=\"description\" content=\"Tilg\u00e6ngelig p\u00e5 hjemmesiden for ferielejligheden Fiss, din bedste lejlighed i Serfaus Fiss Ladis og alle vigtige detaljer.\" \/>\n<meta name=\"robots\" content=\"index, follow, max-snippet:-1, max-image-preview:large, max-video-preview:-1\" \/>\n<link rel=\"canonical\" href=\"https:\/\/www.sonnenterrasse-fiss.at\/da\/tilgaengelighed\/\" \/>\n<meta property=\"og:locale\" content=\"da_DK\" \/>\n<meta property=\"og:type\" content=\"article\" \/>\n<meta property=\"og:title\" content=\"Barrierefri i ferielejligheden Fiss . Lejlighed Serfaus Fiss\" \/>\n<meta property=\"og:description\" content=\"Tilg\u00e6ngelig p\u00e5 hjemmesiden for ferielejligheden Fiss, din bedste lejlighed i Serfaus Fiss Ladis og alle vigtige detaljer.\" \/>\n<meta property=\"og:url\" content=\"https:\/\/www.sonnenterrasse-fiss.at\/da\/tilgaengelighed\/\" \/>\n<meta property=\"og:site_name\" content=\"Appartement Sonnenterrasse\" \/>\n<meta property=\"article:publisher\" content=\"https:\/\/www.facebook.com\/HotelPostHinterriss\" \/>\n<meta property=\"article:modified_time\" content=\"2026-03-04T13:39:16+00:00\" \/>\n<meta name=\"twitter:card\" content=\"summary_large_image\" \/>\n<meta name=\"twitter:label1\" content=\"Estimeret l\u00e6setid\" \/>\n\t<meta name=\"twitter:data1\" content=\"15 minutter\" \/>\n<script type=\"application\/ld+json\" class=\"yoast-schema-graph\">{\"@context\":\"https:\\\/\\\/schema.org\",\"@graph\":[{\"@type\":\"WebPage\",\"@id\":\"https:\\\/\\\/www.sonnenterrasse-fiss.at\\\/da\\\/tilgaengelighed\\\/\",\"url\":\"https:\\\/\\\/www.sonnenterrasse-fiss.at\\\/da\\\/tilgaengelighed\\\/\",\"name\":\"Barrierefri i ferielejligheden Fiss . Lejlighed Serfaus Fiss\",\"isPartOf\":{\"@id\":\"https:\\\/\\\/www.sonnenterrasse-fiss.at\\\/da\\\/#website\"},\"datePublished\":\"2025-06-18T14:12:45+00:00\",\"dateModified\":\"2026-03-04T13:39:16+00:00\",\"description\":\"Tilg\u00e6ngelig p\u00e5 hjemmesiden for ferielejligheden Fiss, din bedste lejlighed i Serfaus Fiss Ladis og alle vigtige detaljer.\",\"breadcrumb\":{\"@id\":\"https:\\\/\\\/www.sonnenterrasse-fiss.at\\\/da\\\/tilgaengelighed\\\/#breadcrumb\"},\"inLanguage\":\"da-DK\",\"potentialAction\":[{\"@type\":\"ReadAction\",\"target\":[\"https:\\\/\\\/www.sonnenterrasse-fiss.at\\\/da\\\/tilgaengelighed\\\/\"]}]},{\"@type\":\"BreadcrumbList\",\"@id\":\"https:\\\/\\\/www.sonnenterrasse-fiss.at\\\/da\\\/tilgaengelighed\\\/#breadcrumb\",\"itemListElement\":[{\"@type\":\"ListItem\",\"position\":1,\"name\":\"Home\",\"item\":\"https:\\\/\\\/www.sonnenterrasse-fiss.at\\\/da\\\/\"},{\"@type\":\"ListItem\",\"position\":2,\"name\":\"Tilg\u00e6ngelighed\"}]},{\"@type\":\"WebSite\",\"@id\":\"https:\\\/\\\/www.sonnenterrasse-fiss.at\\\/da\\\/#website\",\"url\":\"https:\\\/\\\/www.sonnenterrasse-fiss.at\\\/da\\\/\",\"name\":\"Appartement Sonnenterrasse\",\"description\":\"Appartements mit Herz in Tirol\",\"publisher\":{\"@id\":\"https:\\\/\\\/www.sonnenterrasse-fiss.at\\\/da\\\/#organization\"},\"potentialAction\":[{\"@type\":\"SearchAction\",\"target\":{\"@type\":\"EntryPoint\",\"urlTemplate\":\"https:\\\/\\\/www.sonnenterrasse-fiss.at\\\/da\\\/?s={search_term_string}\"},\"query-input\":{\"@type\":\"PropertyValueSpecification\",\"valueRequired\":true,\"valueName\":\"search_term_string\"}}],\"inLanguage\":\"da-DK\"},{\"@type\":\"Organization\",\"@id\":\"https:\\\/\\\/www.sonnenterrasse-fiss.at\\\/da\\\/#organization\",\"name\":\"Florian Reindl e.U.\",\"url\":\"https:\\\/\\\/www.sonnenterrasse-fiss.at\\\/da\\\/\",\"logo\":{\"@type\":\"ImageObject\",\"inLanguage\":\"da-DK\",\"@id\":\"https:\\\/\\\/www.sonnenterrasse-fiss.at\\\/da\\\/#\\\/schema\\\/logo\\\/image\\\/\",\"url\":\"https:\\\/\\\/sonnenterrasse-fiss.at\\\/wp-content\\\/uploads\\\/2021\\\/05\\\/268x80_Logo_quer_RETINA.png\",\"contentUrl\":\"https:\\\/\\\/sonnenterrasse-fiss.at\\\/wp-content\\\/uploads\\\/2021\\\/05\\\/268x80_Logo_quer_RETINA.png\",\"width\":268,\"height\":80,\"caption\":\"Florian Reindl e.U.\"},\"image\":{\"@id\":\"https:\\\/\\\/www.sonnenterrasse-fiss.at\\\/da\\\/#\\\/schema\\\/logo\\\/image\\\/\"},\"sameAs\":[\"https:\\\/\\\/www.facebook.com\\\/HotelPostHinterriss\"]}]}<\/script>\n<!-- \/ Yoast SEO plugin. -->","yoast_head_json":{"title":"Barrierefri i ferielejligheden Fiss . Lejlighed Serfaus Fiss","description":"Tilg\u00e6ngelig p\u00e5 hjemmesiden for ferielejligheden Fiss, din bedste lejlighed i Serfaus Fiss Ladis og alle vigtige detaljer.","robots":{"index":"index","follow":"follow","max-snippet":"max-snippet:-1","max-image-preview":"max-image-preview:large","max-video-preview":"max-video-preview:-1"},"canonical":"https:\/\/www.sonnenterrasse-fiss.at\/da\/tilgaengelighed\/","og_locale":"da_DK","og_type":"article","og_title":"Barrierefri i ferielejligheden Fiss . Lejlighed Serfaus Fiss","og_description":"Tilg\u00e6ngelig p\u00e5 hjemmesiden for ferielejligheden Fiss, din bedste lejlighed i Serfaus Fiss Ladis og alle vigtige detaljer.","og_url":"https:\/\/www.sonnenterrasse-fiss.at\/da\/tilgaengelighed\/","og_site_name":"Appartement Sonnenterrasse","article_publisher":"https:\/\/www.facebook.com\/HotelPostHinterriss","article_modified_time":"2026-03-04T13:39:16+00:00","twitter_card":"summary_large_image","twitter_misc":{"Estimeret l\u00e6setid":"15 minutter"},"schema":{"@context":"https:\/\/schema.org","@graph":[{"@type":"WebPage","@id":"https:\/\/www.sonnenterrasse-fiss.at\/da\/tilgaengelighed\/","url":"https:\/\/www.sonnenterrasse-fiss.at\/da\/tilgaengelighed\/","name":"Barrierefri i ferielejligheden Fiss . Lejlighed Serfaus Fiss","isPartOf":{"@id":"https:\/\/www.sonnenterrasse-fiss.at\/da\/#website"},"datePublished":"2025-06-18T14:12:45+00:00","dateModified":"2026-03-04T13:39:16+00:00","description":"Tilg\u00e6ngelig p\u00e5 hjemmesiden for ferielejligheden Fiss, din bedste lejlighed i Serfaus Fiss Ladis og alle vigtige detaljer.","breadcrumb":{"@id":"https:\/\/www.sonnenterrasse-fiss.at\/da\/tilgaengelighed\/#breadcrumb"},"inLanguage":"da-DK","potentialAction":[{"@type":"ReadAction","target":["https:\/\/www.sonnenterrasse-fiss.at\/da\/tilgaengelighed\/"]}]},{"@type":"BreadcrumbList","@id":"https:\/\/www.sonnenterrasse-fiss.at\/da\/tilgaengelighed\/#breadcrumb","itemListElement":[{"@type":"ListItem","position":1,"name":"Home","item":"https:\/\/www.sonnenterrasse-fiss.at\/da\/"},{"@type":"ListItem","position":2,"name":"Tilg\u00e6ngelighed"}]},{"@type":"WebSite","@id":"https:\/\/www.sonnenterrasse-fiss.at\/da\/#website","url":"https:\/\/www.sonnenterrasse-fiss.at\/da\/","name":"Appartement Sonnenterrasse","description":"Appartements mit Herz in Tirol","publisher":{"@id":"https:\/\/www.sonnenterrasse-fiss.at\/da\/#organization"},"potentialAction":[{"@type":"SearchAction","target":{"@type":"EntryPoint","urlTemplate":"https:\/\/www.sonnenterrasse-fiss.at\/da\/?s={search_term_string}"},"query-input":{"@type":"PropertyValueSpecification","valueRequired":true,"valueName":"search_term_string"}}],"inLanguage":"da-DK"},{"@type":"Organization","@id":"https:\/\/www.sonnenterrasse-fiss.at\/da\/#organization","name":"Florian Reindl e.U.","url":"https:\/\/www.sonnenterrasse-fiss.at\/da\/","logo":{"@type":"ImageObject","inLanguage":"da-DK","@id":"https:\/\/www.sonnenterrasse-fiss.at\/da\/#\/schema\/logo\/image\/","url":"https:\/\/sonnenterrasse-fiss.at\/wp-content\/uploads\/2021\/05\/268x80_Logo_quer_RETINA.png","contentUrl":"https:\/\/sonnenterrasse-fiss.at\/wp-content\/uploads\/2021\/05\/268x80_Logo_quer_RETINA.png","width":268,"height":80,"caption":"Florian Reindl e.U."},"image":{"@id":"https:\/\/www.sonnenterrasse-fiss.at\/da\/#\/schema\/logo\/image\/"},"sameAs":["https:\/\/www.facebook.com\/HotelPostHinterriss"]}]}},"_links":{"self":[{"href":"https:\/\/www.sonnenterrasse-fiss.at\/da\/wp-json\/wp\/v2\/pages\/10037","targetHints":{"allow":["GET"]}}],"collection":[{"href":"https:\/\/www.sonnenterrasse-fiss.at\/da\/wp-json\/wp\/v2\/pages"}],"about":[{"href":"https:\/\/www.sonnenterrasse-fiss.at\/da\/wp-json\/wp\/v2\/types\/page"}],"author":[{"embeddable":true,"href":"https:\/\/www.sonnenterrasse-fiss.at\/da\/wp-json\/wp\/v2\/users\/7"}],"replies":[{"embeddable":true,"href":"https:\/\/www.sonnenterrasse-fiss.at\/da\/wp-json\/wp\/v2\/comments?post=10037"}],"version-history":[{"count":3,"href":"https:\/\/www.sonnenterrasse-fiss.at\/da\/wp-json\/wp\/v2\/pages\/10037\/revisions"}],"predecessor-version":[{"id":10042,"href":"https:\/\/www.sonnenterrasse-fiss.at\/da\/wp-json\/wp\/v2\/pages\/10037\/revisions\/10042"}],"wp:attachment":[{"href":"https:\/\/www.sonnenterrasse-fiss.at\/da\/wp-json\/wp\/v2\/media?parent=10037"}],"curies":[{"name":"wp","href":"https:\/\/api.w.org\/{rel}","templated":true}]}}