{"id":9959,"date":"2022-05-10T08:29:31","date_gmt":"2022-05-10T08:29:31","guid":{"rendered":"https:\/\/www.sonnenterrasse-fiss.at\/online-booking\/"},"modified":"2026-03-04T14:51:11","modified_gmt":"2026-03-04T14:51:11","slug":"online-booking","status":"publish","type":"page","link":"https:\/\/www.sonnenterrasse-fiss.at\/da\/online-booking\/","title":{"rendered":"Online booking"},"content":{"rendered":"<p><div class=\"fusion-bg-parallax\" data-bg-align=\"center center\" data-direction=\"down\" data-mute=\"false\" data-opacity=\"100\" data-velocity=\"-0.3\" data-mobile-enabled=\"false\" data-break_parents=\"0\" data-bg-image=\"https:\/\/sonnenterrasse-fiss.at\/wp-content\/uploads\/2024\/02\/Header_Onlinebuchung3.jpg\" data-bg-repeat=\"false\" data-bg-color=\"rgba(255,255,255,0.85)\" data-bg-gradient-type=\"linear\" data-bg-gradient-angle=\"180\" data-bg-gradient-start-color=\"rgba(84,77,72,0.87)\" data-bg-gradient-start-position=\"0\" data-bg-gradient-end-color=\"rgba(0,0,0,0.1)\" data-bg-gradient-end-position=\"100\" data-bg-radial-direction=\"center center\" ><\/div><div class=\"fusion-fullwidth fullwidth-box fusion-builder-row-1 fusion-flex-container has-pattern-background has-mask-background fusion-parallax-down hundred-percent-fullwidth non-hundred-percent-height-scrolling lazyload\" style=\"--awb-border-radius-top-left:0px;--awb-border-radius-top-right:0px;--awb-border-radius-bottom-right:0px;--awb-border-radius-bottom-left:0px;--awb-padding-top:8%;--awb-padding-bottom:4%;--awb-margin-top:0px;--awb-margin-bottom:0px;--awb-margin-top-medium:-60px;--awb-margin-bottom-medium:0px;--awb-margin-top-small:-60px;--awb-margin-bottom-small:0px;--awb-min-height:750px;--awb-background-color:rgba(255,255,255,0.85);--awb-background-image:linear-gradient(180deg, rgba(84,77,72,0.87) 0%,rgba(0,0,0,0.1) 100%);;--awb-background-size:cover;--awb-flex-wrap:wrap;\" data-bg=\"https:\/\/sonnenterrasse-fiss.at\/wp-content\/uploads\/2024\/02\/Header_Onlinebuchung3.jpg\" data-bg-gradient=\"linear-gradient(180deg, rgba(84,77,72,0.87) 0%,rgba(0,0,0,0.1) 100%)\" ><div class=\"fusion-builder-row fusion-row fusion-flex-align-items-center fusion-flex-content-wrap\" style=\"width:calc( 100% + 0px ) !important;max-width:calc( 100% + 0px ) !important;margin-left: calc(-0px \/ 2 );margin-right: calc(-0px \/ 2 );\"><div class=\"fusion-layout-column fusion_builder_column fusion-builder-column-0 fusion_builder_column_3_5 3_5 fusion-flex-column\" style=\"--awb-padding-top:10%;--awb-padding-right:15%;--awb-padding-bottom:8%;--awb-padding-left:15%;--awb-bg-color:rgba(156,144,137,0);--awb-bg-color-hover:rgba(156,144,137,0);--awb-bg-size:cover;--awb-width-large:60%;--awb-margin-top-large:0px;--awb-spacing-right-large:0px;--awb-margin-bottom-large:10%;--awb-spacing-left-large:0px;--awb-width-medium:100%;--awb-order-medium:0;--awb-spacing-right-medium:0px;--awb-spacing-left-medium:0px;--awb-width-small:100%;--awb-order-small:0;--awb-spacing-right-small:0px;--awb-spacing-left-small:0px;\"><div class=\"fusion-column-wrapper fusion-column-has-shadow fusion-flex-justify-content-flex-start fusion-content-layout-column\"><\/div><\/div><div class=\"fusion-layout-column fusion_builder_column fusion-builder-column-1 fusion_builder_column_2_5 2_5 fusion-flex-column\" style=\"--awb-padding-top:10%;--awb-padding-right:15%;--awb-padding-bottom:8%;--awb-padding-left:15%;--awb-bg-color:rgba(186,172,162,0);--awb-bg-color-hover:rgba(186,172,162,0);--awb-bg-size:cover;--awb-width-large:40%;--awb-margin-top-large:6%;--awb-spacing-right-large:0px;--awb-margin-bottom-large:6%;--awb-spacing-left-large:0px;--awb-width-medium:100%;--awb-order-medium:0;--awb-spacing-right-medium:0px;--awb-spacing-left-medium:0px;--awb-width-small:100%;--awb-order-small:0;--awb-spacing-right-small:0px;--awb-spacing-left-small:0px;\" data-scroll-devices=\"small-visibility,medium-visibility,large-visibility\"><div class=\"fusion-column-wrapper fusion-column-has-shadow fusion-flex-justify-content-flex-start fusion-content-layout-column\"><div class=\"fusion-builder-row fusion-builder-row-inner fusion-row fusion-flex-align-items-center fusion-flex-content-wrap\" style=\"--awb-flex-grow:0;--awb-flex-grow-medium:0;--awb-flex-grow-small:0;--awb-flex-shrink:0;--awb-flex-shrink-medium:0;--awb-flex-shrink-small:0;width:calc( 100% + 0px ) !important;max-width:calc( 100% + 0px ) !important;margin-left: calc(-0px \/ 2 );margin-right: calc(-0px \/ 2 );\"><div class=\"fusion-layout-column fusion_builder_column_inner fusion-builder-nested-column-0 fusion_builder_column_inner_1_1 1_1 fusion-flex-column fusion-animated\" style=\"--awb-bg-size:cover;--awb-width-large:100%;--awb-margin-top-large:0px;--awb-spacing-right-large:0px;--awb-margin-bottom-large:8%;--awb-spacing-left-large:0px;--awb-width-medium:100%;--awb-spacing-right-medium:0px;--awb-spacing-left-medium:0px;--awb-width-small:100%;--awb-spacing-right-small:0px;--awb-spacing-left-small:0px;\" data-animationType=\"fadeInLeft\" data-animationDuration=\"1.0\" data-animationOffset=\"top-into-view\"><div class=\"fusion-column-wrapper fusion-column-has-shadow fusion-flex-justify-content-flex-start fusion-content-layout-column\"><div class=\"fusion-title title fusion-title-1 fusion-no-small-visibility fusion-no-medium-visibility fusion-sep-none fusion-title-center fusion-title-text fusion-title-size-one\" style=\"--awb-text-color:#ffffff;--awb-margin-top-small:0px;--awb-margin-right-small:0px;--awb-margin-bottom-small:20px;--awb-margin-left-small:0px;--awb-font-size:85px;\"><h1 class=\"fusion-title-heading title-heading-center fusion-responsive-typography-calculated\" style=\"margin:0;font-size:1em;--fontSize:85;line-height:var(--awb-typography1-line-height);\"><p style=\"text-align: center;\">BOOK ONLINE<\/p><\/h1><\/div><div class=\"fusion-title title fusion-title-2 fusion-no-large-visibility fusion-sep-none fusion-title-center fusion-title-rotating fusion-animate-once fusion-title-fadeIn fusion-title-size-one\" style=\"--awb-text-color:#ffffff;--awb-margin-top-small:0px;--awb-margin-right-small:0px;--awb-margin-bottom-small:20px;--awb-margin-left-small:0px;\"><h1 class=\"fusion-title-heading title-heading-center fusion-responsive-typography-calculated\" style=\"margin:0;--fontSize:46;line-height:var(--awb-typography1-line-height);\"><span class=\"fusion-animated-text-prefix\">Book online<\/span>  <span class=\"fusion-animated-text-postfix\"><\/span><\/h1><\/div><div class=\"fusion-title title fusion-title-3 fusion-sep-none fusion-title-text fusion-title-size-six\" style=\"--awb-text-color:#e5e5e5;--awb-margin-bottom:11%;--awb-margin-top-small:0px;--awb-margin-right-small:0px;--awb-margin-bottom-small:20px;--awb-margin-left-small:0px;--awb-sep-color:#d6d6d6;\"><h6 class=\"fusion-title-heading title-heading-left fusion-responsive-typography-calculated\" style=\"margin:0;--fontSize:18;--minFontSize:18;line-height:1.5;\"><p style=\"text-align: center;\">Sikkert og bekvemt hjemmefra.<\/p><\/h6><\/div><div class=\"fusion-separator fusion-full-width-sep\" style=\"align-self: center;margin-left: auto;margin-right: auto;margin-bottom:0%;width:100%;\"><\/div><\/div><\/div><\/div><\/div><\/div><\/div><\/div><div class=\"fusion-fullwidth fullwidth-box fusion-builder-row-2 fusion-flex-container has-pattern-background has-mask-background nonhundred-percent-fullwidth non-hundred-percent-height-scrolling\" style=\"--awb-border-radius-top-left:0px;--awb-border-radius-top-right:0px;--awb-border-radius-bottom-right:0px;--awb-border-radius-bottom-left:0px;--awb-padding-top:0px;--awb-padding-bottom:0px;--awb-background-color:#ffffff;--awb-background-image:linear-gradient(180deg, #ffffff 0%,#dcd6d0 100%);--awb-flex-wrap:wrap;\" ><div class=\"fusion-builder-row fusion-row fusion-flex-align-items-stretch fusion-flex-content-wrap\" style=\"max-width:1430px;margin-left: calc(-4% \/ 2 );margin-right: calc(-4% \/ 2 );\"><div class=\"fusion-layout-column fusion_builder_column fusion-builder-column-2 fusion_builder_column_1_1 1_1 fusion-flex-column fusion-flex-align-self-flex-start fusion-column-no-min-height fusion-animated\" style=\"--awb-bg-size:cover;--awb-width-large:100%;--awb-margin-top-large:0px;--awb-spacing-right-large:1.92%;--awb-margin-bottom-large:0px;--awb-spacing-left-large:1.92%;--awb-width-medium:100%;--awb-order-medium:0;--awb-spacing-right-medium:1.92%;--awb-spacing-left-medium:1.92%;--awb-width-small:100%;--awb-order-small:0;--awb-spacing-right-small:1.92%;--awb-spacing-left-small:1.92%;\" data-animationType=\"fadeIn\" data-animationDuration=\"1.0\" data-animationOffset=\"top-into-view\" data-scroll-devices=\"small-visibility,medium-visibility,large-visibility\"><div class=\"fusion-column-wrapper fusion-column-has-shadow fusion-flex-justify-content-flex-start fusion-content-layout-column\"><div class=\"fusion-separator\" style=\"align-self: center;margin-left: auto;margin-right: auto;margin-top:70px;width:100%;max-width:70px;\"><\/div><div class=\"fusion-title title fusion-title-4 fusion-sep-none fusion-title-text fusion-title-size-two\" style=\"--awb-margin-top:20px;--awb-margin-bottom:20px;--awb-margin-top-small:0px;--awb-margin-right-small:0px;--awb-margin-bottom-small:20px;--awb-margin-left-small:0px;--awb-font-size:70px;\"><h2 class=\"fusion-title-heading title-heading-left fusion-responsive-typography-calculated\" style=\"margin:0;font-size:1em;--fontSize:70;line-height:1.2;\"><p style=\"text-align: center;\">Book online<\/p><\/h2><\/div><div class=\"fusion-text fusion-text-1\" style=\"--awb-text-transform:none;\"><h3 style=\"text-align: center;\">Vores online bookingformular<\/h3>\n<\/div><div class=\"fusion-image-element \" style=\"text-align:center;--awb-margin-top:20px;--awb-margin-bottom:30px;--awb-caption-title-font-family:var(--h2_typography-font-family);--awb-caption-title-font-weight:var(--h2_typography-font-weight);--awb-caption-title-font-style:var(--h2_typography-font-style);--awb-caption-title-size:var(--h2_typography-font-size);--awb-caption-title-transform:var(--h2_typography-text-transform);--awb-caption-title-line-height:var(--h2_typography-line-height);--awb-caption-title-letter-spacing:var(--h2_typography-letter-spacing);\"><span class=\" fusion-imageframe imageframe-none imageframe-1 hover-type-none\"><img decoding=\"async\" width=\"336\" height=\"50\" alt=\"Spacer: Sunspacer fra Appartement Haus i Serfaus Fiss Ladis, din ferielejlighed p\u00e5 en familieferie i Tyrol.\" title=\"Afstandsstykke til skabelon\" src=\"https:\/\/www.sonnenterrasse-fiss.at\/wp-content\/uploads\/2023\/12\/Vorlage-Spacer.png\" data-orig-src=\"https:\/\/www.sonnenterrasse-fiss.at\/wp-content\/uploads\/2023\/12\/Vorlage-Spacer.png\" class=\"lazyload img-responsive wp-image-9719\" srcset=\"data:image\/svg+xml,%3Csvg%20xmlns%3D%27http%3A%2F%2Fwww.w3.org%2F2000%2Fsvg%27%20width%3D%27336%27%20height%3D%2750%27%20viewBox%3D%270%200%20336%2050%27%3E%3Crect%20width%3D%27336%27%20height%3D%2750%27%20fill-opacity%3D%220%22%2F%3E%3C%2Fsvg%3E\" data-srcset=\"https:\/\/www.sonnenterrasse-fiss.at\/wp-content\/uploads\/2023\/12\/Vorlage-Spacer-200x30.png 200w, https:\/\/www.sonnenterrasse-fiss.at\/wp-content\/uploads\/2023\/12\/Vorlage-Spacer.png 336w\" data-sizes=\"auto\" data-orig-sizes=\"(max-width: 1150px) 100vw, (max-width: 640px) 100vw, 336px\" \/><\/span><\/div><div class=\"fusion-separator fusion-no-medium-visibility fusion-no-large-visibility\" style=\"align-self: center;margin-left: auto;margin-right: auto;margin-bottom:7%;width:100%;max-width:70px;\"><\/div><div class=\"fusion-text fusion-text-2 fusion-text-no-margin\" style=\"--awb-margin-bottom:0px;\"><p style=\"text-align: center;\">Book din yndlingsferielejlighed i hjertet af Fiss nemt og bekvemt via vores bookingformular.<br \/>\nV\u00e6lg blot den \u00f8nskede lejlighed og den \u00f8nskede periode, og gl\u00e6d dig til din kommende ferie i de tyrolske bjerge.<br \/>\nHvis du har sp\u00f8rgsm\u00e5l, er du altid velkommen til at kontakte os &#8211; vi gl\u00e6der os til at h\u00f8re fra dig!<\/p>\n<\/div><div style=\"text-align:center;\"><a class=\"fusion-button button-flat fusion-button-default-size button-custom fusion-button-default button-1 fusion-button-default-span fusion-button-default-type\" style=\"--button_accent_color:#ffffff;--button_border_color:#ffffff;--button_accent_hover_color:#9c9089;--button_border_hover_color:#9c9089;--button_gradient_top_color:#9a9646;--button_gradient_bottom_color:#9a9646;--button_gradient_top_color_hover:#ffffff;--button_gradient_bottom_color_hover:#ffffff;\" target=\"_self\" title=\"Kontakt os\" aria-label=\"Kontakt os\" href=\"https:\/\/www.sonnenterrasse-fiss.at\/da\/kontakt-og-info\/\"><i class=\"fa-phone-alt fas awb-button__icon awb-button__icon--default button-icon-left\" aria-hidden=\"true\"><\/i><span class=\"fusion-button-text awb-button__text awb-button__text--default\">Kontakt os<\/span><\/a><\/div><div class=\"fusion-separator\" style=\"align-self: center;margin-left: auto;margin-right: auto;margin-bottom:90px;width:100%;max-width:70px;\"><\/div><\/div><\/div><\/div><\/div><div class=\"fusion-fullwidth fullwidth-box fusion-builder-row-3 fusion-flex-container nonhundred-percent-fullwidth non-hundred-percent-height-scrolling\" style=\"--awb-border-radius-top-left:0px;--awb-border-radius-top-right:0px;--awb-border-radius-bottom-right:0px;--awb-border-radius-bottom-left:0px;--awb-padding-top:0px;--awb-padding-right:0px;--awb-padding-bottom:0px;--awb-padding-left:0px;--awb-flex-wrap:wrap;\" ><div class=\"fusion-builder-row fusion-row fusion-flex-align-items-flex-start fusion-flex-justify-content-center fusion-flex-content-wrap\" style=\"max-width:1430px;margin-left: calc(-4% \/ 2 );margin-right: calc(-4% \/ 2 );\"><\/div><\/div><\/p>\n","protected":false},"excerpt":{"rendered":"","protected":false},"author":7,"featured_media":0,"parent":0,"menu_order":0,"comment_status":"closed","ping_status":"closed","template":"100-width.php","meta":{"footnotes":""},"class_list":["post-9959","page","type-page","status-publish","hentry"],"yoast_head":"<!-- This site is optimized with the Yoast SEO plugin v27.5 - https:\/\/yoast.com\/product\/yoast-seo-wordpress\/ -->\n<title>Online booking af din ferielejlighed Fiss \u2661 i lejlighedshuset<\/title>\n<meta name=\"description\" content=\"Brug online-bookingen af vores ferielejlighed Fiss fra Appartement Haus in Serfaus Fiss Ladis til at booke din perfekte ferie.\" \/>\n<meta name=\"robots\" content=\"index, follow, max-snippet:-1, max-image-preview:large, max-video-preview:-1\" \/>\n<link rel=\"canonical\" href=\"https:\/\/www.sonnenterrasse-fiss.at\/da\/online-booking\/\" \/>\n<meta property=\"og:locale\" content=\"da_DK\" \/>\n<meta property=\"og:type\" content=\"article\" \/>\n<meta property=\"og:title\" content=\"Online booking af din ferielejlighed Fiss \u2661 i lejlighedshuset\" \/>\n<meta property=\"og:description\" content=\"Brug online-bookingen af vores ferielejlighed Fiss fra Appartement Haus in Serfaus Fiss Ladis til at booke din perfekte ferie.\" \/>\n<meta property=\"og:url\" content=\"https:\/\/www.sonnenterrasse-fiss.at\/da\/online-booking\/\" \/>\n<meta property=\"og:site_name\" content=\"Appartement Sonnenterrasse\" \/>\n<meta property=\"article:publisher\" content=\"https:\/\/www.facebook.com\/HotelPostHinterriss\" \/>\n<meta property=\"article:modified_time\" content=\"2026-03-04T14:51:11+00:00\" \/>\n<meta name=\"twitter:card\" content=\"summary_large_image\" \/>\n<meta name=\"twitter:label1\" content=\"Estimeret l\u00e6setid\" \/>\n\t<meta name=\"twitter:data1\" content=\"22 minutter\" \/>\n<script type=\"application\/ld+json\" class=\"yoast-schema-graph\">{\"@context\":\"https:\\\/\\\/schema.org\",\"@graph\":[{\"@type\":\"WebPage\",\"@id\":\"https:\\\/\\\/www.sonnenterrasse-fiss.at\\\/da\\\/online-booking\\\/\",\"url\":\"https:\\\/\\\/www.sonnenterrasse-fiss.at\\\/da\\\/online-booking\\\/\",\"name\":\"Online booking af din ferielejlighed Fiss \u2661 i lejlighedshuset\",\"isPartOf\":{\"@id\":\"https:\\\/\\\/www.sonnenterrasse-fiss.at\\\/da\\\/#website\"},\"datePublished\":\"2022-05-10T08:29:31+00:00\",\"dateModified\":\"2026-03-04T14:51:11+00:00\",\"description\":\"Brug online-bookingen af vores ferielejlighed Fiss fra Appartement Haus in Serfaus Fiss Ladis til at booke din perfekte ferie.\",\"breadcrumb\":{\"@id\":\"https:\\\/\\\/www.sonnenterrasse-fiss.at\\\/da\\\/online-booking\\\/#breadcrumb\"},\"inLanguage\":\"da-DK\",\"potentialAction\":[{\"@type\":\"ReadAction\",\"target\":[\"https:\\\/\\\/www.sonnenterrasse-fiss.at\\\/da\\\/online-booking\\\/\"]}]},{\"@type\":\"BreadcrumbList\",\"@id\":\"https:\\\/\\\/www.sonnenterrasse-fiss.at\\\/da\\\/online-booking\\\/#breadcrumb\",\"itemListElement\":[{\"@type\":\"ListItem\",\"position\":1,\"name\":\"Home\",\"item\":\"https:\\\/\\\/www.sonnenterrasse-fiss.at\\\/da\\\/\"},{\"@type\":\"ListItem\",\"position\":2,\"name\":\"Online booking\"}]},{\"@type\":\"WebSite\",\"@id\":\"https:\\\/\\\/www.sonnenterrasse-fiss.at\\\/da\\\/#website\",\"url\":\"https:\\\/\\\/www.sonnenterrasse-fiss.at\\\/da\\\/\",\"name\":\"Appartement Sonnenterrasse\",\"description\":\"Appartements mit Herz in Tirol\",\"publisher\":{\"@id\":\"https:\\\/\\\/www.sonnenterrasse-fiss.at\\\/da\\\/#organization\"},\"potentialAction\":[{\"@type\":\"SearchAction\",\"target\":{\"@type\":\"EntryPoint\",\"urlTemplate\":\"https:\\\/\\\/www.sonnenterrasse-fiss.at\\\/da\\\/?s={search_term_string}\"},\"query-input\":{\"@type\":\"PropertyValueSpecification\",\"valueRequired\":true,\"valueName\":\"search_term_string\"}}],\"inLanguage\":\"da-DK\"},{\"@type\":\"Organization\",\"@id\":\"https:\\\/\\\/www.sonnenterrasse-fiss.at\\\/da\\\/#organization\",\"name\":\"Florian Reindl e.U.\",\"url\":\"https:\\\/\\\/www.sonnenterrasse-fiss.at\\\/da\\\/\",\"logo\":{\"@type\":\"ImageObject\",\"inLanguage\":\"da-DK\",\"@id\":\"https:\\\/\\\/www.sonnenterrasse-fiss.at\\\/da\\\/#\\\/schema\\\/logo\\\/image\\\/\",\"url\":\"https:\\\/\\\/sonnenterrasse-fiss.at\\\/wp-content\\\/uploads\\\/2021\\\/05\\\/268x80_Logo_quer_RETINA.png\",\"contentUrl\":\"https:\\\/\\\/sonnenterrasse-fiss.at\\\/wp-content\\\/uploads\\\/2021\\\/05\\\/268x80_Logo_quer_RETINA.png\",\"width\":268,\"height\":80,\"caption\":\"Florian Reindl e.U.\"},\"image\":{\"@id\":\"https:\\\/\\\/www.sonnenterrasse-fiss.at\\\/da\\\/#\\\/schema\\\/logo\\\/image\\\/\"},\"sameAs\":[\"https:\\\/\\\/www.facebook.com\\\/HotelPostHinterriss\"]}]}<\/script>\n<!-- \/ Yoast SEO plugin. -->","yoast_head_json":{"title":"Online booking af din ferielejlighed Fiss \u2661 i lejlighedshuset","description":"Brug online-bookingen af vores ferielejlighed Fiss fra Appartement Haus in Serfaus Fiss Ladis til at booke din perfekte ferie.","robots":{"index":"index","follow":"follow","max-snippet":"max-snippet:-1","max-image-preview":"max-image-preview:large","max-video-preview":"max-video-preview:-1"},"canonical":"https:\/\/www.sonnenterrasse-fiss.at\/da\/online-booking\/","og_locale":"da_DK","og_type":"article","og_title":"Online booking af din ferielejlighed Fiss \u2661 i lejlighedshuset","og_description":"Brug online-bookingen af vores ferielejlighed Fiss fra Appartement Haus in Serfaus Fiss Ladis til at booke din perfekte ferie.","og_url":"https:\/\/www.sonnenterrasse-fiss.at\/da\/online-booking\/","og_site_name":"Appartement Sonnenterrasse","article_publisher":"https:\/\/www.facebook.com\/HotelPostHinterriss","article_modified_time":"2026-03-04T14:51:11+00:00","twitter_card":"summary_large_image","twitter_misc":{"Estimeret l\u00e6setid":"22 minutter"},"schema":{"@context":"https:\/\/schema.org","@graph":[{"@type":"WebPage","@id":"https:\/\/www.sonnenterrasse-fiss.at\/da\/online-booking\/","url":"https:\/\/www.sonnenterrasse-fiss.at\/da\/online-booking\/","name":"Online booking af din ferielejlighed Fiss \u2661 i lejlighedshuset","isPartOf":{"@id":"https:\/\/www.sonnenterrasse-fiss.at\/da\/#website"},"datePublished":"2022-05-10T08:29:31+00:00","dateModified":"2026-03-04T14:51:11+00:00","description":"Brug online-bookingen af vores ferielejlighed Fiss fra Appartement Haus in Serfaus Fiss Ladis til at booke din perfekte ferie.","breadcrumb":{"@id":"https:\/\/www.sonnenterrasse-fiss.at\/da\/online-booking\/#breadcrumb"},"inLanguage":"da-DK","potentialAction":[{"@type":"ReadAction","target":["https:\/\/www.sonnenterrasse-fiss.at\/da\/online-booking\/"]}]},{"@type":"BreadcrumbList","@id":"https:\/\/www.sonnenterrasse-fiss.at\/da\/online-booking\/#breadcrumb","itemListElement":[{"@type":"ListItem","position":1,"name":"Home","item":"https:\/\/www.sonnenterrasse-fiss.at\/da\/"},{"@type":"ListItem","position":2,"name":"Online booking"}]},{"@type":"WebSite","@id":"https:\/\/www.sonnenterrasse-fiss.at\/da\/#website","url":"https:\/\/www.sonnenterrasse-fiss.at\/da\/","name":"Appartement Sonnenterrasse","description":"Appartements mit Herz in Tirol","publisher":{"@id":"https:\/\/www.sonnenterrasse-fiss.at\/da\/#organization"},"potentialAction":[{"@type":"SearchAction","target":{"@type":"EntryPoint","urlTemplate":"https:\/\/www.sonnenterrasse-fiss.at\/da\/?s={search_term_string}"},"query-input":{"@type":"PropertyValueSpecification","valueRequired":true,"valueName":"search_term_string"}}],"inLanguage":"da-DK"},{"@type":"Organization","@id":"https:\/\/www.sonnenterrasse-fiss.at\/da\/#organization","name":"Florian Reindl e.U.","url":"https:\/\/www.sonnenterrasse-fiss.at\/da\/","logo":{"@type":"ImageObject","inLanguage":"da-DK","@id":"https:\/\/www.sonnenterrasse-fiss.at\/da\/#\/schema\/logo\/image\/","url":"https:\/\/sonnenterrasse-fiss.at\/wp-content\/uploads\/2021\/05\/268x80_Logo_quer_RETINA.png","contentUrl":"https:\/\/sonnenterrasse-fiss.at\/wp-content\/uploads\/2021\/05\/268x80_Logo_quer_RETINA.png","width":268,"height":80,"caption":"Florian Reindl e.U."},"image":{"@id":"https:\/\/www.sonnenterrasse-fiss.at\/da\/#\/schema\/logo\/image\/"},"sameAs":["https:\/\/www.facebook.com\/HotelPostHinterriss"]}]}},"_links":{"self":[{"href":"https:\/\/www.sonnenterrasse-fiss.at\/da\/wp-json\/wp\/v2\/pages\/9959","targetHints":{"allow":["GET"]}}],"collection":[{"href":"https:\/\/www.sonnenterrasse-fiss.at\/da\/wp-json\/wp\/v2\/pages"}],"about":[{"href":"https:\/\/www.sonnenterrasse-fiss.at\/da\/wp-json\/wp\/v2\/types\/page"}],"author":[{"embeddable":true,"href":"https:\/\/www.sonnenterrasse-fiss.at\/da\/wp-json\/wp\/v2\/users\/7"}],"replies":[{"embeddable":true,"href":"https:\/\/www.sonnenterrasse-fiss.at\/da\/wp-json\/wp\/v2\/comments?post=9959"}],"version-history":[{"count":6,"href":"https:\/\/www.sonnenterrasse-fiss.at\/da\/wp-json\/wp\/v2\/pages\/9959\/revisions"}],"predecessor-version":[{"id":10348,"href":"https:\/\/www.sonnenterrasse-fiss.at\/da\/wp-json\/wp\/v2\/pages\/9959\/revisions\/10348"}],"wp:attachment":[{"href":"https:\/\/www.sonnenterrasse-fiss.at\/da\/wp-json\/wp\/v2\/media?parent=9959"}],"curies":[{"name":"wp","href":"https:\/\/api.w.org\/{rel}","templated":true}]}}